{"id":348,"date":"2024-04-05T10:50:32","date_gmt":"2024-04-05T10:50:32","guid":{"rendered":"https:\/\/uzraktas.lt\/?page_id=348"},"modified":"2026-04-28T14:41:16","modified_gmt":"2026-04-28T14:41:16","slug":"es-projects","status":"publish","type":"page","link":"https:\/\/uzraktas.lt\/es-projects\/","title":{"rendered":"es-projects"},"content":{"rendered":"\t\t<div data-elementor-type=\"wp-page\" data-elementor-id=\"348\" class=\"elementor elementor-348\">\n\t\t\t\t<div class=\"elementor-element elementor-element-ff06646 e-flex e-con-boxed e-con e-parent\" data-id=\"ff06646\" data-element_type=\"container\" data-e-type=\"container\">\n\t\t\t\t\t<div class=\"e-con-inner\">\n\t\t<div class=\"elementor-element elementor-element-1af0496 e-flex e-con-boxed e-con e-child\" data-id=\"1af0496\" data-element_type=\"container\" data-e-type=\"container\">\n\t\t\t\t\t<div class=\"e-con-inner\">\n\t\t\t\t<div class=\"elementor-element elementor-element-03d86bc elementor-widget elementor-widget-heading\" data-id=\"03d86bc\" data-element_type=\"widget\" data-e-type=\"widget\" data-widget_type=\"heading.default\">\n\t\t\t\t<div class=\"elementor-widget-container\">\n\t\t\t\t\t<h2 class=\"elementor-heading-title elementor-size-default\">ES projects<\/h2>\t\t\t\t<\/div>\n\t\t\t\t<\/div>\n\t\t\t\t\t<\/div>\n\t\t\t\t<\/div>\n\t\t\t\t\t<\/div>\n\t\t\t\t<\/div>\n\t\t<div class=\"elementor-element elementor-element-8e1dc32 e-flex e-con-boxed e-con e-parent\" data-id=\"8e1dc32\" data-element_type=\"container\" data-e-type=\"container\">\n\t\t\t\t\t<div class=\"e-con-inner\">\n\t\t\t\t<div class=\"elementor-element elementor-element-8810567 elementor-widget elementor-widget-heading\" data-id=\"8810567\" data-element_type=\"widget\" data-e-type=\"widget\" data-widget_type=\"heading.default\">\n\t\t\t\t<div class=\"elementor-widget-container\">\n\t\t\t\t\t<span class=\"elementor-heading-title elementor-size-default\">UAB \"U\u017eraktas\" implements the project \"Use of renewable energy resources for UAB \"U\u017eraktas\" electricity production\"\nUAB \"U\u017eraktas\" implements the project \"Utilization of renewable energy resources for UAB \"U\u017eraktas\" electricity production\" (project No. 02-011-K-0074), which is partially financed by EU funds.\nThe aim of the project is to increase the production of RES part in the final energy consumption. During the implementation of the project, UAB \"U\u017eraktas\" will implement an energy efficiency measure in its activities - a solar power plant, which will create conditions for saving electricity and reducing electricity costs. The implementation of the project will also contribute to mitigating Lithuania's impact on climate change, solving air pollution problems, and reducing energy dependence on imported energy resources.\nThe total cost of the project is 197&nbsp;493 EUR. From European Union funds, 100&nbsp;235 EUR are allocated for the implementation of the project. Companies will contribute the rest with their own funds.\nThe start of the project implementation is in 2023. July. The completion of the project is in 2025. July.<br><br>\nUAB \u201cU\u017eraktas\u201d on December 2, 2024, implemented the project \u201cUse of Renewable Energy Sources for Electricity Production at UAB \u2018U\u017eraktas\u2019\u201d (project No. 02-011-K-0074). The project was partially financed by EU funds. The total project cost amounted to EUR 197 493. A total of EUR 100 235 was allocated from EU funds for the implementation of the project.<\/span>\t\t\t\t<\/div>\n\t\t\t\t<\/div>\n\t\t\t\t\t<\/div>\n\t\t\t\t<\/div>\n\t\t<div class=\"elementor-element elementor-element-f5e46ea e-flex e-con-boxed e-con e-parent\" data-id=\"f5e46ea\" data-element_type=\"container\" data-e-type=\"container\">\n\t\t\t\t\t<div class=\"e-con-inner\">\n\t\t\t\t<div class=\"elementor-element elementor-element-f59fc5e elementor-widget elementor-widget-image\" data-id=\"f59fc5e\" data-element_type=\"widget\" data-e-type=\"widget\" data-widget_type=\"image.default\">\n\t\t\t\t<div class=\"elementor-widget-container\">\n\t\t\t\t\t\t\t\t\t\t\t\t\t\t\t<img fetchpriority=\"high\" decoding=\"async\" width=\"843\" height=\"843\" src=\"https:\/\/uzraktas.lt\/wp-content\/uploads\/2024\/01\/Uzraktas-0074-Soc.-tinklams-is-kom.-vadovo-1024x1024.webp\" class=\"attachment-large size-large wp-image-198\" alt=\"\" srcset=\"https:\/\/uzraktas.lt\/wp-content\/uploads\/2024\/01\/Uzraktas-0074-Soc.-tinklams-is-kom.-vadovo-1024x1024.webp 1024w, https:\/\/uzraktas.lt\/wp-content\/uploads\/2024\/01\/Uzraktas-0074-Soc.-tinklams-is-kom.-vadovo-300x300.webp 300w, https:\/\/uzraktas.lt\/wp-content\/uploads\/2024\/01\/Uzraktas-0074-Soc.-tinklams-is-kom.-vadovo-150x150.webp 150w, https:\/\/uzraktas.lt\/wp-content\/uploads\/2024\/01\/Uzraktas-0074-Soc.-tinklams-is-kom.-vadovo-768x768.webp 768w, https:\/\/uzraktas.lt\/wp-content\/uploads\/2024\/01\/Uzraktas-0074-Soc.-tinklams-is-kom.-vadovo.webp 1080w\" sizes=\"(max-width: 843px) 100vw, 843px\" \/>\t\t\t\t\t\t\t\t\t\t\t\t\t\t\t<\/div>\n\t\t\t\t<\/div>\n\t\t\t\t\t<\/div>\n\t\t\t\t<\/div>\n\t\t<div class=\"elementor-element elementor-element-26e8453 e-flex e-con-boxed e-con e-parent\" data-id=\"26e8453\" data-element_type=\"container\" data-e-type=\"container\">\n\t\t\t\t\t<div class=\"e-con-inner\">\n\t\t\t\t\t<\/div>\n\t\t\t\t<\/div>\n\t\t\t\t<\/div>\n\t\t","protected":false},"excerpt":{"rendered":"<p>ES projects UAB &#8222;U\u017eraktas&#8221; implements the project &#8222;Use of renewable energy resources for UAB &#8222;U\u017eraktas&#8221; electricity production&#8221; UAB &#8222;U\u017eraktas&#8221; implements the project &#8222;Utilization of renewable&hellip;<\/p>\n","protected":false},"author":3,"featured_media":0,"parent":0,"menu_order":0,"comment_status":"closed","ping_status":"closed","template":"","meta":{"footnotes":""},"class_list":["post-348","page","type-page","status-publish","hentry"],"_links":{"self":[{"href":"https:\/\/uzraktas.lt\/wp-json\/wp\/v2\/pages\/348","targetHints":{"allow":["GET"]}}],"collection":[{"href":"https:\/\/uzraktas.lt\/wp-json\/wp\/v2\/pages"}],"about":[{"href":"https:\/\/uzraktas.lt\/wp-json\/wp\/v2\/types\/page"}],"author":[{"embeddable":true,"href":"https:\/\/uzraktas.lt\/wp-json\/wp\/v2\/users\/3"}],"replies":[{"embeddable":true,"href":"https:\/\/uzraktas.lt\/wp-json\/wp\/v2\/comments?post=348"}],"version-history":[{"count":18,"href":"https:\/\/uzraktas.lt\/wp-json\/wp\/v2\/pages\/348\/revisions"}],"predecessor-version":[{"id":510,"href":"https:\/\/uzraktas.lt\/wp-json\/wp\/v2\/pages\/348\/revisions\/510"}],"wp:attachment":[{"href":"https:\/\/uzraktas.lt\/wp-json\/wp\/v2\/media?parent=348"}],"curies":[{"name":"wp","href":"https:\/\/api.w.org\/{rel}","templated":true}]}}