{"id":299,"date":"2024-04-05T07:53:10","date_gmt":"2024-04-05T07:53:10","guid":{"rendered":"https:\/\/uzraktas.lt\/index.php\/apie-lietuviskai\/"},"modified":"2024-04-05T08:17:22","modified_gmt":"2024-04-05T08:17:22","slug":"apie","status":"publish","type":"page","link":"https:\/\/uzraktas.lt\/index.php\/apie\/","title":{"rendered":"Apie"},"content":{"rendered":"\t\t<div data-elementor-type=\"wp-page\" data-elementor-id=\"299\" class=\"elementor elementor-299\">\n\t\t\t\t<div class=\"elementor-element elementor-element-788b45f e-flex e-con-boxed e-con e-parent\" data-id=\"788b45f\" data-element_type=\"container\" data-e-type=\"container\">\n\t\t\t\t\t<div class=\"e-con-inner\">\n\t\t\t\t<div class=\"elementor-element elementor-element-cda1e35 elementor-widget elementor-widget-heading\" data-id=\"cda1e35\" data-element_type=\"widget\" data-e-type=\"widget\" data-widget_type=\"heading.default\">\n\t\t\t\t<div class=\"elementor-widget-container\">\n\t\t\t\t\t<h2 class=\"elementor-heading-title elementor-size-default\">Apie mus<\/h2>\t\t\t\t<\/div>\n\t\t\t\t<\/div>\n\t\t\t\t\t<\/div>\n\t\t\t\t<\/div>\n\t\t<div class=\"elementor-element elementor-element-7f11671 e-flex e-con-boxed e-con e-parent\" data-id=\"7f11671\" data-element_type=\"container\" data-e-type=\"container\">\n\t\t\t\t\t<div class=\"e-con-inner\">\n\t\t\t\t<div class=\"elementor-element elementor-element-a0ee61c elementor-widget-divider--view-line elementor-widget elementor-widget-divider\" data-id=\"a0ee61c\" data-element_type=\"widget\" data-e-type=\"widget\" data-widget_type=\"divider.default\">\n\t\t\t\t<div class=\"elementor-widget-container\">\n\t\t\t\t\t\t\t<div class=\"elementor-divider\">\n\t\t\t<span class=\"elementor-divider-separator\">\n\t\t\t\t\t\t<\/span>\n\t\t<\/div>\n\t\t\t\t\t\t<\/div>\n\t\t\t\t<\/div>\n\t\t\t\t<div class=\"elementor-element elementor-element-0b8a7da elementor-widget elementor-widget-text-editor\" data-id=\"0b8a7da\" data-element_type=\"widget\" data-e-type=\"widget\" data-widget_type=\"text-editor.default\">\n\t\t\t\t<div class=\"elementor-widget-container\">\n\t\t\t\t\t\t\t\t\t<p>UAB \u201eU\u017eraktas\u201c\u00a0\u2013 tai plataus spektro metalo apdirbimo \u012fmon\u0117. \u012emon\u0117 turi pla\u010dias technologines galimybes ir si\u016blo \u012fvairias metalo apdirbimo, programinio tekinimo, frezavimo paslaugas, taip pat teikia suvirinimo ir da\u017eymo paslaugas. \u012erengimai puikiai pritaikyti gaminti detales ma\u017eomis, vidutin\u0117mis ar didel\u0117mis serijomis.<\/p><p>UAB \u201eU\u017eraktas\u201c, prad\u0117jo veikl\u0105 1993 m. ir i\u0161augo \u012f naujovi\u0161k\u0105 auk\u0161t\u0173j\u0173 technologij\u0173 \u012fmon\u0119.<br \/>Veiklos prad\u017eia buvo \u012fvairi\u0173 spyn\u0173 bei hidraulini\u0173 varikli\u0173 gamyba. \u0160iuo metu produkcijos pob\u016bdis gerokai platesnis \u2013 gaminami preciziniai komponentai ir visi\u0161kai surinkti hidrauliniai mazgai.<\/p><p>Modernus \u012frengim\u0173 parkas leid\u017eia gaminti auk\u0161tos kokyb\u0117s metalo produkcij\u0105 \u012fvairiems sektoriams. Didelis d\u0117mesys skiriamas gaminamos produkcijos kokybei. Gamyboje naudojame auk\u0161tos kokyb\u0117s med\u017eiagas.<\/p><p>Pagrindin\u0117 \u012fmon\u0117s s\u0117km\u0117s prie\u017eastis \u2013 ilgamet\u0117 patirtis eksportuojant produkcij\u0105 \u012f Skandinav\u0173 ir Vakar\u0173 \u0161alis, patikimi santykiai su verslo partneriais, greita orientacija \u012f klient\u0173 poreikius, kvalifikuoti specialistai.<\/p><p>Mums brangus kiekvienas klientas!<\/p>\t\t\t\t\t\t\t\t<\/div>\n\t\t\t\t<\/div>\n\t\t\t\t\t<\/div>\n\t\t\t\t<\/div>\n\t\t<div class=\"elementor-element elementor-element-af69577 e-flex e-con-boxed e-con e-parent\" data-id=\"af69577\" data-element_type=\"container\" data-e-type=\"container\">\n\t\t\t\t\t<div class=\"e-con-inner\">\n\t\t<div class=\"elementor-element elementor-element-c73cc2e e-flex e-con-boxed e-con e-child\" data-id=\"c73cc2e\" data-element_type=\"container\" data-e-type=\"container\">\n\t\t\t\t\t<div class=\"e-con-inner\">\n\t\t<div class=\"elementor-element elementor-element-425a345 e-con-full e-flex e-con e-child\" data-id=\"425a345\" data-element_type=\"container\" data-e-type=\"container\">\n\t\t\t\t<div class=\"elementor-element elementor-element-7fd76ff elementor-widget elementor-widget-image\" data-id=\"7fd76ff\" data-element_type=\"widget\" data-e-type=\"widget\" data-widget_type=\"image.default\">\n\t\t\t\t<div class=\"elementor-widget-container\">\n\t\t\t\t\t\t\t\t\t\t\t\t\t\t\t<img fetchpriority=\"high\" decoding=\"async\" width=\"300\" height=\"300\" src=\"https:\/\/uzraktas.lt\/wp-content\/uploads\/2024\/01\/ISO_9001_ISO_14001_COL-300x300.png\" class=\"attachment-medium size-medium wp-image-210\" alt=\"\" srcset=\"https:\/\/uzraktas.lt\/wp-content\/uploads\/2024\/01\/ISO_9001_ISO_14001_COL-300x300.png 300w, https:\/\/uzraktas.lt\/wp-content\/uploads\/2024\/01\/ISO_9001_ISO_14001_COL-150x150.png 150w, https:\/\/uzraktas.lt\/wp-content\/uploads\/2024\/01\/ISO_9001_ISO_14001_COL.png 591w\" sizes=\"(max-width: 300px) 100vw, 300px\" \/>\t\t\t\t\t\t\t\t\t\t\t\t\t\t\t<\/div>\n\t\t\t\t<\/div>\n\t\t\t\t<\/div>\n\t\t<div class=\"elementor-element elementor-element-60e038b e-con-full e-flex e-con e-child\" data-id=\"60e038b\" data-element_type=\"container\" data-e-type=\"container\">\n\t\t\t\t<div class=\"elementor-element elementor-element-66370af elementor-widget elementor-widget-image\" data-id=\"66370af\" data-element_type=\"widget\" data-e-type=\"widget\" data-widget_type=\"image.default\">\n\t\t\t\t<div class=\"elementor-widget-container\">\n\t\t\t\t\t\t\t\t\t\t\t\t\t\t\t<img decoding=\"async\" width=\"201\" height=\"201\" src=\"https:\/\/uzraktas.lt\/wp-content\/uploads\/2023\/12\/SL_2017-2023_LT_200x200px_GOLD.jpg\" class=\"attachment-medium size-medium wp-image-74\" alt=\"\" srcset=\"https:\/\/uzraktas.lt\/wp-content\/uploads\/2023\/12\/SL_2017-2023_LT_200x200px_GOLD.jpg 201w, https:\/\/uzraktas.lt\/wp-content\/uploads\/2023\/12\/SL_2017-2023_LT_200x200px_GOLD-150x150.jpg 150w\" sizes=\"(max-width: 201px) 100vw, 201px\" \/>\t\t\t\t\t\t\t\t\t\t\t\t\t\t\t<\/div>\n\t\t\t\t<\/div>\n\t\t\t\t<\/div>\n\t\t\t\t\t<\/div>\n\t\t\t\t<\/div>\n\t\t\t\t\t<\/div>\n\t\t\t\t<\/div>\n\t\t<div class=\"elementor-element elementor-element-7667970 e-flex e-con-boxed e-con e-parent\" data-id=\"7667970\" data-element_type=\"container\" data-e-type=\"container\">\n\t\t\t\t\t<div class=\"e-con-inner\">\n\t\t\t\t\t<\/div>\n\t\t\t\t<\/div>\n\t\t\t\t<\/div>\n\t\t","protected":false},"excerpt":{"rendered":"<p>Apie mus UAB \u201eU\u017eraktas\u201c\u00a0\u2013 tai plataus spektro metalo apdirbimo \u012fmon\u0117. \u012emon\u0117 turi pla\u010dias technologines galimybes ir si\u016blo \u012fvairias metalo apdirbimo, programinio tekinimo, frezavimo paslaugas, taip&hellip;<\/p>\n","protected":false},"author":3,"featured_media":0,"parent":0,"menu_order":0,"comment_status":"closed","ping_status":"closed","template":"","meta":{"footnotes":""},"class_list":["post-299","page","type-page","status-publish","hentry"],"_links":{"self":[{"href":"https:\/\/uzraktas.lt\/index.php\/wp-json\/wp\/v2\/pages\/299","targetHints":{"allow":["GET"]}}],"collection":[{"href":"https:\/\/uzraktas.lt\/index.php\/wp-json\/wp\/v2\/pages"}],"about":[{"href":"https:\/\/uzraktas.lt\/index.php\/wp-json\/wp\/v2\/types\/page"}],"author":[{"embeddable":true,"href":"https:\/\/uzraktas.lt\/index.php\/wp-json\/wp\/v2\/users\/3"}],"replies":[{"embeddable":true,"href":"https:\/\/uzraktas.lt\/index.php\/wp-json\/wp\/v2\/comments?post=299"}],"version-history":[{"count":6,"href":"https:\/\/uzraktas.lt\/index.php\/wp-json\/wp\/v2\/pages\/299\/revisions"}],"predecessor-version":[{"id":403,"href":"https:\/\/uzraktas.lt\/index.php\/wp-json\/wp\/v2\/pages\/299\/revisions\/403"}],"wp:attachment":[{"href":"https:\/\/uzraktas.lt\/index.php\/wp-json\/wp\/v2\/media?parent=299"}],"curies":[{"name":"wp","href":"https:\/\/api.w.org\/{rel}","templated":true}]}}