{"id":16,"date":"2023-12-14T16:55:44","date_gmt":"2023-12-14T16:55:44","guid":{"rendered":"https:\/\/furniteam.lt\/?page_id=16"},"modified":"2024-04-08T06:35:35","modified_gmt":"2024-04-08T06:35:35","slug":"kokybes-politika","status":"publish","type":"page","link":"https:\/\/uzraktas.lt\/index.php\/kokybes-politika\/","title":{"rendered":"Kokyb\u0117s politika"},"content":{"rendered":"\t\t<div data-elementor-type=\"wp-page\" data-elementor-id=\"16\" class=\"elementor elementor-16\">\n\t\t\t\t<div class=\"elementor-element elementor-element-fccae5d e-flex e-con-boxed e-con e-parent\" data-id=\"fccae5d\" data-element_type=\"container\" data-e-type=\"container\">\n\t\t\t\t\t<div class=\"e-con-inner\">\n\t\t<div class=\"elementor-element elementor-element-b63ae4a e-flex e-con-boxed e-con e-child\" data-id=\"b63ae4a\" data-element_type=\"container\" data-e-type=\"container\">\n\t\t\t\t\t<div class=\"e-con-inner\">\n\t\t\t\t<div class=\"elementor-element elementor-element-5c845fe elementor-widget elementor-widget-heading\" data-id=\"5c845fe\" data-element_type=\"widget\" data-e-type=\"widget\" data-widget_type=\"heading.default\">\n\t\t\t\t<div class=\"elementor-widget-container\">\n\t\t\t\t\t<h2 class=\"elementor-heading-title elementor-size-default\">Kokyb\u0117s politika<\/h2>\t\t\t\t<\/div>\n\t\t\t\t<\/div>\n\t\t\t\t\t<\/div>\n\t\t\t\t<\/div>\n\t\t\t\t\t<\/div>\n\t\t\t\t<\/div>\n\t\t<div class=\"elementor-element elementor-element-5a438aa e-flex e-con-boxed e-con e-parent\" data-id=\"5a438aa\" data-element_type=\"container\" data-e-type=\"container\">\n\t\t\t\t\t<div class=\"e-con-inner\">\n\t\t\t\t<div class=\"elementor-element elementor-element-689338a elementor-widget elementor-widget-text-editor\" data-id=\"689338a\" data-element_type=\"widget\" data-e-type=\"widget\" data-widget_type=\"text-editor.default\">\n\t\t\t\t<div class=\"elementor-widget-container\">\n\t\t\t\t\t\t\t\t\t<p>Nuo 2010 m. gruod\u017eio 28 d. UAB \u201eU\u017eraktas\u201c buvo \u012fdiegta kokyb\u0117s vadybos sistema pagal LST EN ISO 9001:2008 standarto reikalavimus. Nuo 2017 m. kokyb\u0117s vadybos sistema veikia pagal LST EN ISO 9001:2015 nauj\u0105 standart\u0105. Sertifikatas liudija, kad \u012fmon\u0117s veikla kokyb\u0117s srityje, atitinka tarptautini\u0173 standart\u0173 reikalavimus. Mes reguliariai stebime savo produkt\u0173 kokyb\u0119 ir gamybos procesus. Prisiimdami atsakomyb\u0119 u\u017e vykdomus veiksmus, mes \u012fsipareigojame:<\/p><ul><li>Atitikti organizacijos paskirt\u012f ir kontekst\u0105 bei palaikyti jos strategin\u0119 krypt\u012f.<\/li><li>\u012emon\u0117s kokyb\u0117s politik\u0105\u00a0 i\u0161ai\u0161kinti kitoms suinteresuotoms \u0161alims ( klientams, tiek\u0117jams).<\/li><li>U\u017etikrinti kokybi\u0161k\u0105 paslaug\u0173, atitinkan\u010di\u0173 suinteresuot\u0173j\u0173 \u0161ali\u0173 poreikius, l\u016bkes\u010dius, teikim\u0105.<\/li><li>Diegti pa\u017eangias gamybines technologijas, tobulinti technologinius procesus.<\/li><li>Didel\u012f d\u0117mes\u012f skirti gamybos planavimui, gamybini\u0173 proces\u0173 ir gamini\u0173 kokyb\u0117s kontrolei.<\/li><li>Nuolat didinti \u012fmon\u0117s kolektyvin\u0119 kompetencij\u0105, \u012fgyvendinant krypting\u0105, apr\u016bpint\u0105 reikiamais resursais darbuotoj\u0173 kvalifikacijos k\u0117limo program\u0105 bei siekiant u\u017etikrinti maksimali\u0105 kiekvieno darbuotojo ind\u0117l\u012f \u012f bendr\u0105 rezultat\u0105.<\/li><li>Palaikyti santykius su klientais, tiek\u0117jais ir partneriais gr\u012fstas ilgalaikio, abipusiai naudingo bendradarbiavimo, pagarbos ir lygiateisi\u0161kumo principais.<\/li><li>Siekti b\u016bti prioritetiniu partneriu analizuoti ir steb\u0117ti pagrindinius proces\u0173 rodiklius, kurie yra svarb\u016bs tinkamai r\u016bpintis klientais.<\/li><li>\u012emon\u0117 \u012fsipareigoja nuolat tobulinti \u012fmon\u0117s kokyb\u0117s valdymo sistem\u0105, atitinkan\u010di\u0105 LST EN ISO 9001:2015 standart\u0105 bei didinti jos rezultatyvum\u0105.<\/li><\/ul>\t\t\t\t\t\t\t\t<\/div>\n\t\t\t\t<\/div>\n\t\t\t\t\t<\/div>\n\t\t\t\t<\/div>\n\t\t<div class=\"elementor-element elementor-element-c8a2dd5 e-flex e-con-boxed e-con e-parent\" data-id=\"c8a2dd5\" data-element_type=\"container\" data-e-type=\"container\">\n\t\t\t\t\t<div class=\"e-con-inner\">\n\t\t\t\t<div class=\"elementor-element elementor-element-ab1cce6 elementor-widget elementor-widget-image\" data-id=\"ab1cce6\" data-element_type=\"widget\" data-e-type=\"widget\" data-widget_type=\"image.default\">\n\t\t\t\t<div class=\"elementor-widget-container\">\n\t\t\t\t\t\t\t\t\t\t\t\t\t\t\t<img fetchpriority=\"high\" decoding=\"async\" width=\"300\" height=\"300\" src=\"https:\/\/uzraktas.lt\/wp-content\/uploads\/2024\/01\/ISO_9001_ISO_14001_COL-300x300.png\" class=\"attachment-medium size-medium wp-image-210\" alt=\"\" srcset=\"https:\/\/uzraktas.lt\/wp-content\/uploads\/2024\/01\/ISO_9001_ISO_14001_COL-300x300.png 300w, https:\/\/uzraktas.lt\/wp-content\/uploads\/2024\/01\/ISO_9001_ISO_14001_COL-150x150.png 150w, https:\/\/uzraktas.lt\/wp-content\/uploads\/2024\/01\/ISO_9001_ISO_14001_COL.png 591w\" sizes=\"(max-width: 300px) 100vw, 300px\" \/>\t\t\t\t\t\t\t\t\t\t\t\t\t\t\t<\/div>\n\t\t\t\t<\/div>\n\t\t\t\t\t<\/div>\n\t\t\t\t<\/div>\n\t\t\t\t<\/div>\n\t\t","protected":false},"excerpt":{"rendered":"<p>Kokyb\u0117s politika Nuo 2010 m. gruod\u017eio 28 d. UAB \u201eU\u017eraktas\u201c buvo \u012fdiegta kokyb\u0117s vadybos sistema pagal LST EN ISO 9001:2008 standarto reikalavimus. Nuo 2017 m.&hellip;<\/p>\n","protected":false},"author":2,"featured_media":0,"parent":0,"menu_order":0,"comment_status":"closed","ping_status":"closed","template":"","meta":{"footnotes":""},"class_list":["post-16","page","type-page","status-publish","hentry"],"_links":{"self":[{"href":"https:\/\/uzraktas.lt\/index.php\/wp-json\/wp\/v2\/pages\/16","targetHints":{"allow":["GET"]}}],"collection":[{"href":"https:\/\/uzraktas.lt\/index.php\/wp-json\/wp\/v2\/pages"}],"about":[{"href":"https:\/\/uzraktas.lt\/index.php\/wp-json\/wp\/v2\/types\/page"}],"author":[{"embeddable":true,"href":"https:\/\/uzraktas.lt\/index.php\/wp-json\/wp\/v2\/users\/2"}],"replies":[{"embeddable":true,"href":"https:\/\/uzraktas.lt\/index.php\/wp-json\/wp\/v2\/comments?post=16"}],"version-history":[{"count":13,"href":"https:\/\/uzraktas.lt\/index.php\/wp-json\/wp\/v2\/pages\/16\/revisions"}],"predecessor-version":[{"id":388,"href":"https:\/\/uzraktas.lt\/index.php\/wp-json\/wp\/v2\/pages\/16\/revisions\/388"}],"wp:attachment":[{"href":"https:\/\/uzraktas.lt\/index.php\/wp-json\/wp\/v2\/media?parent=16"}],"curies":[{"name":"wp","href":"https:\/\/api.w.org\/{rel}","templated":true}]}}